{"id":2,"date":"2013-02-07T13:14:03","date_gmt":"2013-02-07T13:14:03","guid":{"rendered":"http:\/\/dev.nordix.se\/se\/?page_id=2"},"modified":"2013-02-15T14:41:59","modified_gmt":"2013-02-15T13:41:59","slug":"exempelsida","status":"publish","type":"page","link":"http:\/\/nordix.se\/se\/","title":{"rendered":"Hem"},"content":{"rendered":"<div style=\"background-color:#f2f2f2;padding:10px;\">\n<strong style=\"font-size:19px;\">V\u00e4lkommen till NORDIX.se &#8211; din servicepartner inom industrin.<\/strong><br \/>\n<img style=\"margin-top:20px;\" src=\"\/se\/wp-content\/uploads\/2013\/02\/solnedgang.jpg\" alt=\"solnedgang\" width=\"570\" \/><\/p>\n<p>Nordix Gruppen AB startades 2006 efter att flera tillverkningsf\u00f6retag haft \u00f6nskem\u00e5l om att deras produkter skall representeras i Norden.<\/p>\n<p>Nordix och dess medarbetare har m\u00e5nga \u00e5rs erfarenhet och med de r\u00e4tta kontakterna servar nu Nordix de nordiska l\u00e4nderna med flertalet produkter och tj\u00e4nster.\n<\/p><\/div>\n","protected":false},"excerpt":{"rendered":"<p>V\u00e4lkommen till NORDIX.se &#8211; din servicepartner inom industrin. Nordix Gruppen AB startades 2006 efter att flera tillverkningsf\u00f6retag haft \u00f6nskem\u00e5l om att deras produkter skall representeras i Norden. Nordix och dess medarbetare har m\u00e5nga \u00e5rs erfarenhet och med de r\u00e4tta kontakterna servar nu Nordix de nordiska l\u00e4nderna med flertalet produkter och tj\u00e4nster.<\/p>\n","protected":false},"author":1,"featured_media":0,"parent":0,"menu_order":0,"comment_status":"open","ping_status":"open","template":"","meta":[],"_links":{"self":[{"href":"http:\/\/nordix.se\/se\/wp-json\/wp\/v2\/pages\/2"}],"collection":[{"href":"http:\/\/nordix.se\/se\/wp-json\/wp\/v2\/pages"}],"about":[{"href":"http:\/\/nordix.se\/se\/wp-json\/wp\/v2\/types\/page"}],"author":[{"embeddable":true,"href":"http:\/\/nordix.se\/se\/wp-json\/wp\/v2\/users\/1"}],"replies":[{"embeddable":true,"href":"http:\/\/nordix.se\/se\/wp-json\/wp\/v2\/comments?post=2"}],"version-history":[{"count":9,"href":"http:\/\/nordix.se\/se\/wp-json\/wp\/v2\/pages\/2\/revisions"}],"predecessor-version":[{"id":26,"href":"http:\/\/nordix.se\/se\/wp-json\/wp\/v2\/pages\/2\/revisions\/26"}],"wp:attachment":[{"href":"http:\/\/nordix.se\/se\/wp-json\/wp\/v2\/media?parent=2"}],"curies":[{"name":"wp","href":"https:\/\/api.w.org\/{rel}","templated":true}]}}